{"id":20,"date":"2026-03-08T01:34:26","date_gmt":"2026-03-08T01:34:26","guid":{"rendered":"https:\/\/ibexgo.app\/sitepro2026\/?page_id=20"},"modified":"2026-03-20T20:12:29","modified_gmt":"2026-03-20T20:12:29","slug":"blog","status":"publish","type":"page","link":"https:\/\/ibexgo.app\/sitepro2026\/blog\/","title":{"rendered":"Blog"},"content":{"rendered":"\t\t<div data-elementor-type=\"wp-page\" data-elementor-id=\"20\" class=\"elementor elementor-20\" data-elementor-post-type=\"page\">\n\t\t\t\t<div class=\"elementor-element elementor-element-1facffc e-flex e-con-boxed e-con e-parent\" data-id=\"1facffc\" data-element_type=\"container\" data-e-type=\"container\" data-settings=\"{&quot;background_background&quot;:&quot;classic&quot;}\">\n\t\t\t\t\t<div class=\"e-con-inner\">\n\t\t\t\t<div class=\"elementor-element elementor-element-66e26b9 elementor-widget__width-inherit elementor-widget elementor-widget-image-box\" data-id=\"66e26b9\" data-element_type=\"widget\" data-e-type=\"widget\" data-widget_type=\"image-box.default\">\n\t\t\t\t\t<div class=\"elementor-image-box-wrapper\"><div class=\"elementor-image-box-content\"><p class=\"elementor-image-box-description\">Nome do Site<\/p><\/div><\/div>\t\t\t\t<\/div>\n\t\t\t\t\t<\/div>\n\t\t\t\t<\/div>\n\t\t<div class=\"elementor-element elementor-element-3ca3baf e-flex e-con-boxed e-con e-parent\" data-id=\"3ca3baf\" data-element_type=\"container\" data-e-type=\"container\" data-settings=\"{&quot;background_background&quot;:&quot;classic&quot;}\">\n\t\t\t\t\t<div class=\"e-con-inner\">\n\t\t\t\t<div class=\"elementor-element elementor-element-389dcb3 elementor-grid-4 elementor-grid-tablet-2 elementor-grid-mobile-1 elementor-posts--thumbnail-top elementor-widget elementor-widget-posts\" data-id=\"389dcb3\" data-element_type=\"widget\" data-e-type=\"widget\" data-settings=\"{&quot;classic_columns&quot;:&quot;4&quot;,&quot;pagination_type&quot;:&quot;load_more_infinite_scroll&quot;,&quot;classic_columns_tablet&quot;:&quot;2&quot;,&quot;classic_columns_mobile&quot;:&quot;1&quot;,&quot;classic_row_gap&quot;:{&quot;unit&quot;:&quot;px&quot;,&quot;size&quot;:35,&quot;sizes&quot;:[]},&quot;classic_row_gap_tablet&quot;:{&quot;unit&quot;:&quot;px&quot;,&quot;size&quot;:&quot;&quot;,&quot;sizes&quot;:[]},&quot;classic_row_gap_mobile&quot;:{&quot;unit&quot;:&quot;px&quot;,&quot;size&quot;:&quot;&quot;,&quot;sizes&quot;:[]},&quot;load_more_spinner&quot;:{&quot;value&quot;:&quot;fas fa-spinner&quot;,&quot;library&quot;:&quot;fa-solid&quot;}}\" data-widget_type=\"posts.classic\">\n\t\t\t\t<div class=\"elementor-widget-container\">\n\t\t\t\t\t\t\t<div class=\"elementor-posts-container elementor-posts elementor-posts--skin-classic elementor-grid\" role=\"list\">\n\t\t\t\t<article class=\"elementor-post elementor-grid-item post-2526 post type-post status-publish format-standard hentry category-blog tag-dentista-bucomaxilo tag-disfuncao-temporomandibular tag-saude-bucal\" role=\"listitem\">\n\t\t\t\t<div class=\"elementor-post__text\">\n\t\t\t\t<h3 class=\"elementor-post__title\">\n\t\t\t<a href=\"https:\/\/ibexgo.app\/sitepro2026\/como-a-disfuncao-temporomandibular-pode-afetar-sua-vida-diaria\/\" >\n\t\t\t\tComo a disfun\u00e7\u00e3o temporomandibular pode afetar sua vida di\u00e1ria\t\t\t<\/a>\n\t\t<\/h3>\n\t\t\t\t<div class=\"elementor-post__meta-data\">\n\t\t\t\t\t<span class=\"elementor-post-date\">\n\t\t\tmar\u00e7o 21, 2026\t\t<\/span>\n\t\t\t\t<span class=\"elementor-post-time\">\n\t\t\t1:06 pm\t\t<\/span>\n\t\t\t\t<\/div>\n\t\t\t\t<\/div>\n\t\t\t\t<\/article>\n\t\t\t\t<article class=\"elementor-post elementor-grid-item post-2523 post type-post status-publish format-standard hentry category-blog tag-cirurgia-bucomaxilo tag-dentista-bucomaxilo tag-estetica-facial tag-sao-jose-dos-campos tag-traumas-faciais\" role=\"listitem\">\n\t\t\t\t<div class=\"elementor-post__text\">\n\t\t\t\t<h3 class=\"elementor-post__title\">\n\t\t\t<a href=\"https:\/\/ibexgo.app\/sitepro2026\/o-papel-do-dentista-bucomaxilo-na-recuperacao-de-traumas-faciais\/\" >\n\t\t\t\tO papel do dentista bucomaxilo na recupera\u00e7\u00e3o de traumas faciais\t\t\t<\/a>\n\t\t<\/h3>\n\t\t\t\t<div class=\"elementor-post__meta-data\">\n\t\t\t\t\t<span class=\"elementor-post-date\">\n\t\t\tmar\u00e7o 21, 2026\t\t<\/span>\n\t\t\t\t<span class=\"elementor-post-time\">\n\t\t\t1:05 pm\t\t<\/span>\n\t\t\t\t<\/div>\n\t\t\t\t<\/div>\n\t\t\t\t<\/article>\n\t\t\t\t<article class=\"elementor-post elementor-grid-item post-2520 post type-post status-publish format-standard hentry category-blog tag-cirurgia-bucomaxilofacial tag-dentista-bucomaxilo tag-dr-alecsandro-de-moura tag-estetica-facial tag-sao-jose-dos-campos\" role=\"listitem\">\n\t\t\t\t<div class=\"elementor-post__text\">\n\t\t\t\t<h3 class=\"elementor-post__title\">\n\t\t\t<a href=\"https:\/\/ibexgo.app\/sitepro2026\/cirurgia-no-rosto-e-perigosa-mitos-e-verdades-esclarecidos\/\" >\n\t\t\t\tCirurgia no rosto \u00e9 perigosa? Mitos e verdades esclarecidos\t\t\t<\/a>\n\t\t<\/h3>\n\t\t\t\t<div class=\"elementor-post__meta-data\">\n\t\t\t\t\t<span class=\"elementor-post-date\">\n\t\t\tmar\u00e7o 21, 2026\t\t<\/span>\n\t\t\t\t<span class=\"elementor-post-time\">\n\t\t\t1:04 pm\t\t<\/span>\n\t\t\t\t<\/div>\n\t\t\t\t<\/div>\n\t\t\t\t<\/article>\n\t\t\t\t<article class=\"elementor-post elementor-grid-item post-2517 post type-post status-publish format-standard hentry category-blog tag-assimetria-facial tag-bucomaxilofacial tag-cirurgia-facial tag-dr-alecsandro-de-moura\" role=\"listitem\">\n\t\t\t\t<div class=\"elementor-post__text\">\n\t\t\t\t<h3 class=\"elementor-post__title\">\n\t\t\t<a href=\"https:\/\/ibexgo.app\/sitepro2026\/como-corrigir-um-rosto-assimetrico-com-cirurgia-facial\/\" >\n\t\t\t\tComo corrigir um rosto assim\u00e9trico com cirurgia facial\t\t\t<\/a>\n\t\t<\/h3>\n\t\t\t\t<div class=\"elementor-post__meta-data\">\n\t\t\t\t\t<span class=\"elementor-post-date\">\n\t\t\tmar\u00e7o 21, 2026\t\t<\/span>\n\t\t\t\t<span class=\"elementor-post-time\">\n\t\t\t1:03 pm\t\t<\/span>\n\t\t\t\t<\/div>\n\t\t\t\t<\/div>\n\t\t\t\t<\/article>\n\t\t\t\t<article class=\"elementor-post elementor-grid-item post-2514 post type-post status-publish format-standard hentry category-blog tag-dentista-bucomaxilo tag-dr-alecsandro-de-moura tag-estalos-na-mandibula tag-sao-jose-dos-campos\" role=\"listitem\">\n\t\t\t\t<div class=\"elementor-post__text\">\n\t\t\t\t<h3 class=\"elementor-post__title\">\n\t\t\t<a href=\"https:\/\/ibexgo.app\/sitepro2026\/estalos-na-mandibula-causas-e-quando-procurar-um-especialista\/\" >\n\t\t\t\tEstalos na mand\u00edbula: causas e quando procurar um especialista\t\t\t<\/a>\n\t\t<\/h3>\n\t\t\t\t<div class=\"elementor-post__meta-data\">\n\t\t\t\t\t<span class=\"elementor-post-date\">\n\t\t\tmar\u00e7o 21, 2026\t\t<\/span>\n\t\t\t\t<span class=\"elementor-post-time\">\n\t\t\t1:02 pm\t\t<\/span>\n\t\t\t\t<\/div>\n\t\t\t\t<\/div>\n\t\t\t\t<\/article>\n\t\t\t\t<article class=\"elementor-post elementor-grid-item post-2511 post type-post status-publish format-standard hentry category-blog tag-dentista-bucomaxilo tag-dr-alecsandro-de-moura tag-sao-jose-dos-campos tag-tratamentos-dentarios\" role=\"listitem\">\n\t\t\t\t<div class=\"elementor-post__text\">\n\t\t\t\t<h3 class=\"elementor-post__title\">\n\t\t\t<a href=\"https:\/\/ibexgo.app\/sitepro2026\/sinais-de-que-voce-precisa-de-um-dentista-bucomaxilo-em-sao-jose-dos-campos\/\" >\n\t\t\t\tSinais de que voc\u00ea precisa de um dentista bucomaxilo em S\u00e3o Jos\u00e9 dos Campos\t\t\t<\/a>\n\t\t<\/h3>\n\t\t\t\t<div class=\"elementor-post__meta-data\">\n\t\t\t\t\t<span class=\"elementor-post-date\">\n\t\t\tmar\u00e7o 21, 2026\t\t<\/span>\n\t\t\t\t<span class=\"elementor-post-time\">\n\t\t\t1:01 pm\t\t<\/span>\n\t\t\t\t<\/div>\n\t\t\t\t<\/div>\n\t\t\t\t<\/article>\n\t\t\t\t<\/div>\n\t\t\t\t\t<span class=\"e-load-more-spinner\">\n\t\t\t\t<svg aria-hidden=\"true\" class=\"e-font-icon-svg e-fas-spinner\" viewBox=\"0 0 512 512\" xmlns=\"http:\/\/www.w3.org\/2000\/svg\"><path d=\"M304 48c0 26.51-21.49 48-48 48s-48-21.49-48-48 21.49-48 48-48 48 21.49 48 48zm-48 368c-26.51 0-48 21.49-48 48s21.49 48 48 48 48-21.49 48-48-21.49-48-48-48zm208-208c-26.51 0-48 21.49-48 48s21.49 48 48 48 48-21.49 48-48-21.49-48-48-48zM96 256c0-26.51-21.49-48-48-48S0 229.49 0 256s21.49 48 48 48 48-21.49 48-48zm12.922 99.078c-26.51 0-48 21.49-48 48s21.49 48 48 48 48-21.49 48-48c0-26.509-21.491-48-48-48zm294.156 0c-26.51 0-48 21.49-48 48s21.49 48 48 48 48-21.49 48-48c0-26.509-21.49-48-48-48zM108.922 60.922c-26.51 0-48 21.49-48 48s21.49 48 48 48 48-21.49 48-48-21.491-48-48-48z\"><\/path><\/svg>\t\t\t<\/span>\n\t\t\n\t\t\t\t\t\t<\/div>\n\t\t\t\t<\/div>\n\t\t\t\t\t<\/div>\n\t\t\t\t<\/div>\n\t\t\t\t<\/div>\n\t\t","protected":false},"excerpt":{"rendered":"","protected":false},"author":1,"featured_media":0,"parent":0,"menu_order":0,"comment_status":"closed","ping_status":"closed","template":"","meta":{"_acf_changed":false,"footnotes":""},"class_list":["post-20","page","type-page","status-publish","hentry"],"acf":[],"yoast_head":"<!-- This site is optimized with the Yoast SEO plugin v27.3 - https:\/\/yoast.com\/product\/yoast-seo-wordpress\/ -->\n<title>Blog - Nome do Site<\/title>\n<meta name=\"robots\" content=\"index, follow, max-snippet:-1, max-image-preview:large, max-video-preview:-1\" \/>\n<link rel=\"canonical\" href=\"https:\/\/ibexgo.app\/sitepro2026\/blog\/\" \/>\n<meta property=\"og:locale\" content=\"pt_BR\" \/>\n<meta property=\"og:type\" content=\"article\" \/>\n<meta property=\"og:title\" content=\"Blog - Nome do Site\" \/>\n<meta property=\"og:url\" content=\"https:\/\/ibexgo.app\/sitepro2026\/blog\/\" \/>\n<meta property=\"og:site_name\" content=\"Nome do Site\" \/>\n<meta property=\"article:publisher\" content=\"https:\/\/www.facebook.com\/alecsandro.moura\" \/>\n<meta property=\"article:modified_time\" content=\"2026-03-20T20:12:29+00:00\" \/>\n<meta name=\"twitter:card\" content=\"summary_large_image\" \/>\n<script type=\"application\/ld+json\" class=\"yoast-schema-graph\">{\"@context\":\"https:\\\/\\\/schema.org\",\"@graph\":[{\"@type\":\"WebPage\",\"@id\":\"https:\\\/\\\/ibexgo.app\\\/sitepro2026\\\/blog\\\/\",\"url\":\"https:\\\/\\\/ibexgo.app\\\/sitepro2026\\\/blog\\\/\",\"name\":\"Blog - Nome do Site\",\"isPartOf\":{\"@id\":\"https:\\\/\\\/ibexgo.app\\\/sitepro2026\\\/#website\"},\"datePublished\":\"2026-03-08T01:34:26+00:00\",\"dateModified\":\"2026-03-20T20:12:29+00:00\",\"breadcrumb\":{\"@id\":\"https:\\\/\\\/ibexgo.app\\\/sitepro2026\\\/blog\\\/#breadcrumb\"},\"inLanguage\":\"pt-BR\",\"potentialAction\":[{\"@type\":\"ReadAction\",\"target\":[\"https:\\\/\\\/ibexgo.app\\\/sitepro2026\\\/blog\\\/\"]}]},{\"@type\":\"BreadcrumbList\",\"@id\":\"https:\\\/\\\/ibexgo.app\\\/sitepro2026\\\/blog\\\/#breadcrumb\",\"itemListElement\":[{\"@type\":\"ListItem\",\"position\":1,\"name\":\"In\u00edcio\",\"item\":\"https:\\\/\\\/ibexgo.app\\\/sitepro2026\\\/\"},{\"@type\":\"ListItem\",\"position\":2,\"name\":\"Blog\"}]},{\"@type\":\"WebSite\",\"@id\":\"https:\\\/\\\/ibexgo.app\\\/sitepro2026\\\/#website\",\"url\":\"https:\\\/\\\/ibexgo.app\\\/sitepro2026\\\/\",\"name\":\"Instituto Face e Trauma - Dr. Alecsandro de Moura PHD\",\"description\":\"Slogan do Site\",\"potentialAction\":[{\"@type\":\"SearchAction\",\"target\":{\"@type\":\"EntryPoint\",\"urlTemplate\":\"https:\\\/\\\/ibexgo.app\\\/sitepro2026\\\/?s={search_term_string}\"},\"query-input\":{\"@type\":\"PropertyValueSpecification\",\"valueRequired\":true,\"valueName\":\"search_term_string\"}}],\"inLanguage\":\"pt-BR\"}]}<\/script>\n<!-- \/ Yoast SEO plugin. -->","yoast_head_json":{"title":"Blog - Nome do Site","robots":{"index":"index","follow":"follow","max-snippet":"max-snippet:-1","max-image-preview":"max-image-preview:large","max-video-preview":"max-video-preview:-1"},"canonical":"https:\/\/ibexgo.app\/sitepro2026\/blog\/","og_locale":"pt_BR","og_type":"article","og_title":"Blog - Nome do Site","og_url":"https:\/\/ibexgo.app\/sitepro2026\/blog\/","og_site_name":"Nome do Site","article_publisher":"https:\/\/www.facebook.com\/alecsandro.moura","article_modified_time":"2026-03-20T20:12:29+00:00","twitter_card":"summary_large_image","schema":{"@context":"https:\/\/schema.org","@graph":[{"@type":"WebPage","@id":"https:\/\/ibexgo.app\/sitepro2026\/blog\/","url":"https:\/\/ibexgo.app\/sitepro2026\/blog\/","name":"Blog - Nome do Site","isPartOf":{"@id":"https:\/\/ibexgo.app\/sitepro2026\/#website"},"datePublished":"2026-03-08T01:34:26+00:00","dateModified":"2026-03-20T20:12:29+00:00","breadcrumb":{"@id":"https:\/\/ibexgo.app\/sitepro2026\/blog\/#breadcrumb"},"inLanguage":"pt-BR","potentialAction":[{"@type":"ReadAction","target":["https:\/\/ibexgo.app\/sitepro2026\/blog\/"]}]},{"@type":"BreadcrumbList","@id":"https:\/\/ibexgo.app\/sitepro2026\/blog\/#breadcrumb","itemListElement":[{"@type":"ListItem","position":1,"name":"In\u00edcio","item":"https:\/\/ibexgo.app\/sitepro2026\/"},{"@type":"ListItem","position":2,"name":"Blog"}]},{"@type":"WebSite","@id":"https:\/\/ibexgo.app\/sitepro2026\/#website","url":"https:\/\/ibexgo.app\/sitepro2026\/","name":"Instituto Face e Trauma - Dr. Alecsandro de Moura PHD","description":"Slogan do Site","potentialAction":[{"@type":"SearchAction","target":{"@type":"EntryPoint","urlTemplate":"https:\/\/ibexgo.app\/sitepro2026\/?s={search_term_string}"},"query-input":{"@type":"PropertyValueSpecification","valueRequired":true,"valueName":"search_term_string"}}],"inLanguage":"pt-BR"}]}},"_links":{"self":[{"href":"https:\/\/ibexgo.app\/sitepro2026\/wp-json\/wp\/v2\/pages\/20","targetHints":{"allow":["GET"]}}],"collection":[{"href":"https:\/\/ibexgo.app\/sitepro2026\/wp-json\/wp\/v2\/pages"}],"about":[{"href":"https:\/\/ibexgo.app\/sitepro2026\/wp-json\/wp\/v2\/types\/page"}],"author":[{"embeddable":true,"href":"https:\/\/ibexgo.app\/sitepro2026\/wp-json\/wp\/v2\/users\/1"}],"replies":[{"embeddable":true,"href":"https:\/\/ibexgo.app\/sitepro2026\/wp-json\/wp\/v2\/comments?post=20"}],"version-history":[{"count":0,"href":"https:\/\/ibexgo.app\/sitepro2026\/wp-json\/wp\/v2\/pages\/20\/revisions"}],"wp:attachment":[{"href":"https:\/\/ibexgo.app\/sitepro2026\/wp-json\/wp\/v2\/media?parent=20"}],"curies":[{"name":"wp","href":"https:\/\/api.w.org\/{rel}","templated":true}]}}